{"id":20,"date":"2016-03-17T10:15:44","date_gmt":"2016-03-17T10:15:44","guid":{"rendered":"http:\/\/immobilien-vieth.de\/?page_id=20"},"modified":"2016-03-17T10:35:45","modified_gmt":"2016-03-17T10:35:45","slug":"impressum","status":"publish","type":"page","link":"https:\/\/immobilien-vieth.de\/?page_id=20","title":{"rendered":"Impressum"},"content":{"rendered":"<div id=\"content\">\n<p>Angaben gem\u00e4\u00df \u00a7 5 TMG:<\/p>\n<address>Erbengemeinschaft Vieth<br \/>\nRahmer Str. 376<br \/>\n44379 Dortmund<\/address>\n<h3>Kontakt<\/h3>\n<p>info[at]immobilien-vieth.de<\/p>\n<h3>Haftungsausschluss<\/h3>\n<h4>Inhalt der eigenen Seiten<\/h4>\n<p>Wir haften weder f\u00fcr die Aktualit\u00e4t noch Vollst\u00e4ndigkeit unserer Seiten. Soweit wir auf unserer Seite kostenfreie Angebote bereithalten, erwachsen daraus keinerlei Rechtsanspr\u00fcche gleich welcher Art. Sie k\u00f6nnen jederzeit ohne vorherige Ank\u00fcndigung ver\u00e4ndert, erg\u00e4nzt, gel\u00f6scht oder ihre Ver\u00f6ffentlichung kann eingestellt werden.<\/p>\n<h4>Links auf Web-Sites Dritter<\/h4>\n<p>Soweit wir auf unseren Seite Links zu Web-Seiten Dritter ver\u00f6ffentlichen, weisen wir auf folgendes hin: Wir haben keinen Einfluss auf die aktuelle und zuk\u00fcnftige Gestaltung und Inhalte der verlinkten Seiten. Wir sind nicht f\u00fcr den Inhalt der verkn\u00fcpften Seiten verantwortlich und machen uns diesen Inhalt auch nicht zu eigen. F\u00fcr illegale, fehlerhafte oder unvollst\u00e4ndige Inhalte sowie f\u00fcr Sch\u00e4den, die durch die Nutzung oder Nichtnutzung der Informationen entstehen, haftet allein der Anbieter der Web-Site, auf die verwiesen wurde. Die Haftung desjenigen, der lediglich auf die Ver\u00f6ffentlichung durch einen Link hinweist, ist ausgeschlossen. F\u00fcr fremde Hinweise kann nur dann eine Verantwortung bestehen, wenn wir von ihnen, d.h. auch von einem eventuellen rechtswidrigen bzw. strafbaren Inhalt, positive Kenntnis haben und es technisch m\u00f6glich und zumutbar ist, deren Nutzung zu verhindern. Sollten Sie bei externen Links auf Inhalte oder Gestaltungen treffen, die Anlass zur Beanstandung geben oder die angegebene Adresse unter dem von uns angegebenen Link nicht erreichen k\u00f6nnen, informieren Sie uns bitte per Mail hier\u00fcber, damit wir den Hinweis auf den Link \u00fcberpr\u00fcfen k\u00f6nnen.<\/p>\n<\/div>\n","protected":false},"excerpt":{"rendered":"<p>Angaben gem\u00e4\u00df \u00a7 5 TMG: Erbengemeinschaft Vieth Rahmer Str. 376 44379 Dortmund Kontakt info[at]immobilien-vieth.de Haftungsausschluss Inhalt der eigenen Seiten Wir haften weder f\u00fcr die Aktualit\u00e4t noch Vollst\u00e4ndigkeit unserer Seiten. Soweit wir auf unserer Seite kostenfreie Angebote bereithalten, erwachsen daraus keinerlei Rechtsanspr\u00fcche gleich welcher Art. Sie k\u00f6nnen jederzeit ohne vorherige Ank\u00fcndigung ver\u00e4ndert, erg\u00e4nzt, gel\u00f6scht oder ihre&#8230;<\/p>\n","protected":false},"author":1,"featured_media":0,"parent":0,"menu_order":0,"comment_status":"closed","ping_status":"closed","template":"","meta":{"om_disable_all_campaigns":false,"_monsterinsights_skip_tracking":false,"_monsterinsights_sitenote_active":false,"_monsterinsights_sitenote_note":"","_monsterinsights_sitenote_category":0,"footnotes":""},"class_list":["post-20","page","type-page","status-publish","hentry"],"aioseo_notices":[],"_links":{"self":[{"href":"https:\/\/immobilien-vieth.de\/index.php?rest_route=\/wp\/v2\/pages\/20","targetHints":{"allow":["GET"]}}],"collection":[{"href":"https:\/\/immobilien-vieth.de\/index.php?rest_route=\/wp\/v2\/pages"}],"about":[{"href":"https:\/\/immobilien-vieth.de\/index.php?rest_route=\/wp\/v2\/types\/page"}],"author":[{"embeddable":true,"href":"https:\/\/immobilien-vieth.de\/index.php?rest_route=\/wp\/v2\/users\/1"}],"replies":[{"embeddable":true,"href":"https:\/\/immobilien-vieth.de\/index.php?rest_route=%2Fwp%2Fv2%2Fcomments&post=20"}],"version-history":[{"count":1,"href":"https:\/\/immobilien-vieth.de\/index.php?rest_route=\/wp\/v2\/pages\/20\/revisions"}],"predecessor-version":[{"id":21,"href":"https:\/\/immobilien-vieth.de\/index.php?rest_route=\/wp\/v2\/pages\/20\/revisions\/21"}],"wp:attachment":[{"href":"https:\/\/immobilien-vieth.de\/index.php?rest_route=%2Fwp%2Fv2%2Fmedia&parent=20"}],"curies":[{"name":"wp","href":"https:\/\/api.w.org\/{rel}","templated":true}]}}