{"id":28,"date":"2016-03-17T10:50:23","date_gmt":"2016-03-17T10:50:23","guid":{"rendered":"http:\/\/immobilien-vieth.de\/?page_id=28"},"modified":"2024-12-27T15:18:51","modified_gmt":"2024-12-27T15:18:51","slug":"reparaturen-notfaelle","status":"publish","type":"page","link":"https:\/\/immobilien-vieth.de\/?page_id=28","title":{"rendered":"Reparaturen &#038; Notf\u00e4lle"},"content":{"rendered":"<p style=\"text-align: center;\">Reparaturen und Sch\u00e4den k\u00f6nnen Sie w\u00e4hrend unserer B\u00fcrozeiten melden:<\/p>\n<p style=\"text-align: center;\">Montags und Donnerstag, 10.00 \u2013 12.00 Uhr<br \/>\nMittwoch, 15.00 \u2013 17.00 Uhr<\/p>\n<p style=\"text-align: center;\">telefonisch unter:<\/p>\n<p style=\"text-align: center;\">0231\/670406<\/p>\n<p style=\"text-align: center;\">In dringenden <strong>Notf\u00e4llen <\/strong>(Ausfall der Heizungsanlage, Rohrbr\u00fcche, etc.) wenden Sie sich bitte au\u00dferhalb unserer B\u00fcrozeiten an folgende Rufnummer:<\/p>\n<p style=\"text-align: center;\"><strong>0176\/96074099<\/strong><\/p>\n","protected":false},"excerpt":{"rendered":"<p>Reparaturen und Sch\u00e4den k\u00f6nnen Sie w\u00e4hrend unserer B\u00fcrozeiten melden: Montags und Donnerstag, 10.00 \u2013 12.00 Uhr Mittwoch, 15.00 \u2013 17.00 Uhr telefonisch unter: 0231\/670406 In dringenden Notf\u00e4llen (Ausfall der Heizungsanlage, Rohrbr\u00fcche, etc.) wenden Sie sich bitte au\u00dferhalb unserer B\u00fcrozeiten an folgende Rufnummer: 0176\/96074099<\/p>\n","protected":false},"author":1,"featured_media":0,"parent":0,"menu_order":0,"comment_status":"closed","ping_status":"closed","template":"","meta":{"om_disable_all_campaigns":false,"_monsterinsights_skip_tracking":false,"_monsterinsights_sitenote_active":false,"_monsterinsights_sitenote_note":"","_monsterinsights_sitenote_category":0,"footnotes":""},"class_list":["post-28","page","type-page","status-publish","hentry"],"aioseo_notices":[],"_links":{"self":[{"href":"https:\/\/immobilien-vieth.de\/index.php?rest_route=\/wp\/v2\/pages\/28","targetHints":{"allow":["GET"]}}],"collection":[{"href":"https:\/\/immobilien-vieth.de\/index.php?rest_route=\/wp\/v2\/pages"}],"about":[{"href":"https:\/\/immobilien-vieth.de\/index.php?rest_route=\/wp\/v2\/types\/page"}],"author":[{"embeddable":true,"href":"https:\/\/immobilien-vieth.de\/index.php?rest_route=\/wp\/v2\/users\/1"}],"replies":[{"embeddable":true,"href":"https:\/\/immobilien-vieth.de\/index.php?rest_route=%2Fwp%2Fv2%2Fcomments&post=28"}],"version-history":[{"count":3,"href":"https:\/\/immobilien-vieth.de\/index.php?rest_route=\/wp\/v2\/pages\/28\/revisions"}],"predecessor-version":[{"id":48,"href":"https:\/\/immobilien-vieth.de\/index.php?rest_route=\/wp\/v2\/pages\/28\/revisions\/48"}],"wp:attachment":[{"href":"https:\/\/immobilien-vieth.de\/index.php?rest_route=%2Fwp%2Fv2%2Fmedia&parent=28"}],"curies":[{"name":"wp","href":"https:\/\/api.w.org\/{rel}","templated":true}]}}